{"id":43226,"date":"2025-04-08T21:44:21","date_gmt":"2025-04-08T21:44:21","guid":{"rendered":"https:\/\/web.valuesite.cl\/index.php\/contacto-copy\/"},"modified":"2025-04-30T22:11:25","modified_gmt":"2025-04-30T22:11:25","slug":"contacto","status":"publish","type":"page","link":"https:\/\/web.valuesite.cl\/index.php\/contacto\/","title":{"rendered":"Contacto"},"content":{"rendered":"<section class=\"wpb-content-wrapper\"><p>[vc_row full_width=&#8221;stretch_row_content_no_spaces&#8221; css=&#8221;.vc_custom_1744209899818{margin-right: 0px !important;margin-bottom: -16vw !important;margin-left: 0px !important;}&#8221;][vc_column css=&#8221;.vc_custom_1744209917102{margin-right: 0px !important;margin-left: 0px !important;}&#8221;]\n\t\t\t<!-- START vspcontactobss2025 REVOLUTION SLIDER 6.6.11 --><p class=\"rs-p-wp-fix\"><\/p>\n\t\t\t<rs-module-wrap id=\"rev_slider_120_1_wrapper\" data-source=\"gallery\" style=\"visibility:hidden;background:transparent;padding:0;margin:0px auto;margin-top:0;margin-bottom:0;\">\n\t\t\t\t<rs-module id=\"rev_slider_120_1\" style=\"\" data-version=\"6.6.11\">\n\t\t\t\t\t<rs-slides style=\"overflow: hidden; position: absolute;\">\n\t\t\t\t\t\t<rs-slide style=\"position: absolute;\" data-key=\"rs-253\" data-title=\"Slide\" data-anim=\"adpr:false;\" data-in=\"o:0;\" data-out=\"a:false;\">\n\t\t\t\t\t\t\t<img src=\"\/\/web.valuesite.cl\/wp-content\/plugins\/revslider\/public\/assets\/assets\/dummy.png\" alt=\"Slide\" title=\"Contacto\" class=\"rev-slidebg tp-rs-img rs-lazyload\" data-lazyload=\"\/\/web.valuesite.cl\/wp-content\/plugins\/revslider\/public\/assets\/assets\/transparent.png\" data-parallax=\"off\" data-no-retina>\n<!--\n\t\t\t\t\t\t\t--><rs-group\n\t\t\t\t\t\t\t\tid=\"slider-120-slide-253-layer-6\" \n\t\t\t\t\t\t\t\tdata-type=\"group\"\n\t\t\t\t\t\t\t\tdata-rsp_ch=\"on\"\n\t\t\t\t\t\t\t\tdata-xy=\"xo:392px,323px,323px,169px;yo:155px,128px,128px,68px;\"\n\t\t\t\t\t\t\t\tdata-text=\"w:normal;s:20,16,16,7;l:0,20,20,9;\"\n\t\t\t\t\t\t\t\tdata-dim=\"w:225px,185px,185px,205px;h:33px,27px,27px,40px;\"\n\t\t\t\t\t\t\t\tdata-actions='o:click;a:simplelink;target:_blank;url:https:\/\/api.whatsapp.com\/send?phone=56975493570&text=\ud83d\udc4b+\u00a1Hola%21+Me+encantar\u00eda+conocer+m\u00e1s+sobre+los+servicios+que+ofrecen.+\ud83d\ude0a;'\n\t\t\t\t\t\t\t\tdata-frame_0=\"o:1;\"\n\t\t\t\t\t\t\t\tdata-frame_999=\"o:0;st:w;sA:9000;\"\n\t\t\t\t\t\t\t\tstyle=\"z-index:14;\"\n\t\t\t\t\t\t\t><!--\n\t\t\t\t\t\t\t\t--><rs-layer\n\t\t\t\t\t\t\t\t\tid=\"slider-120-slide-253-layer-9\" \n\t\t\t\t\t\t\t\t\tdata-type=\"image\"\n\t\t\t\t\t\t\t\t\tdata-rsp_ch=\"on\"\n\t\t\t\t\t\t\t\t\tdata-xy=\"\"\n\t\t\t\t\t\t\t\t\tdata-pos=\"a\"\n\t\t\t\t\t\t\t\t\tdata-text=\"w:normal;s:20,16,16,7;l:0,20,20,9;\"\n\t\t\t\t\t\t\t\t\tdata-dim=\"w:24px,19px,19px,22px;h:24px,19px,19px,22px;\"\n\t\t\t\t\t\t\t\t\tdata-frame_999=\"o:0;st:w;\"\n\t\t\t\t\t\t\t\t\tstyle=\"z-index:7;\"\n\t\t\t\t\t\t\t\t><img src=\"\/\/web.valuesite.cl\/wp-content\/plugins\/revslider\/public\/assets\/assets\/dummy.png\" alt=\"\" class=\"tp-rs-img rs-lazyload\" width=\"19\" height=\"20\" data-lazyload=\"\/\/web.valuesite.cl\/wp-content\/uploads\/2025\/04\/logo-wzp-primary.svg\" data-no-retina> \n\t\t\t\t\t\t\t\t<\/rs-layer><!--\n\n\t\t\t\t\t\t\t\t--><a\n\t\t\t\t\t\t\t\t\tid=\"slider-120-slide-253-layer-7\" \n\t\t\t\t\t\t\t\t\tclass=\"rs-layer\"\n\t\t\t\t\t\t\t\t\thref=\"https:\/\/api.whatsapp.com\/send?phone=56975493570&text=\ud83d\udc4b+\u00a1Hola%21+Me+encantar\u00eda+conocer+m\u00e1s+sobre+los+servicios+que+ofrecen.+\ud83d\ude0a\" target=\"_blank\" rel=\"noopener\"\n\t\t\t\t\t\t\t\t\tdata-type=\"text\"\n\t\t\t\t\t\t\t\t\tdata-rsp_ch=\"on\"\n\t\t\t\t\t\t\t\t\tdata-xy=\"xo:30px,24px,24px,22px;\"\n\t\t\t\t\t\t\t\t\tdata-pos=\"a\"\n\t\t\t\t\t\t\t\t\tdata-text=\"w:normal;s:22,18,18,18;l:22,18,18,22;fw:500;\"\n\t\t\t\t\t\t\t\t\tdata-dim=\"w:202px,166px,166px,180px;\"\n\t\t\t\t\t\t\t\t\tdata-frame_999=\"o:0;st:w;\"\n\t\t\t\t\t\t\t\t\tstyle=\"z-index:6;font-family:'Exo 2';\"\n\t\t\t\t\t\t\t\t><span style=\"text-transform: none;\">+569 7549 3570\u00a0<\/span> \n\t\t\t\t\t\t\t\t<\/a><!--\n\t\t\t\t\t\t\t--><\/rs-group><!--\n\n\t\t\t\t\t\t\t--><rs-layer\n\t\t\t\t\t\t\t\tid=\"slider-120-slide-253-layer-0\" \n\t\t\t\t\t\t\t\tdata-type=\"image\"\n\t\t\t\t\t\t\t\tdata-rsp_ch=\"on\"\n\t\t\t\t\t\t\t\tdata-xy=\"x:c;\"\n\t\t\t\t\t\t\t\tdata-text=\"w:normal;s:20,16,16,7;l:0,20,20,9;\"\n\t\t\t\t\t\t\t\tdata-dim=\"w:['100%','100%','100%','100%'];h:['100%','100%','100%','100%'];\"\n\t\t\t\t\t\t\t\tdata-vbility=\"f,f,f,f\"\n\t\t\t\t\t\t\t\tdata-basealign=\"slide\"\n\t\t\t\t\t\t\t\tdata-frame_999=\"o:0;st:w;\"\n\t\t\t\t\t\t\t\tstyle=\"z-index:7;\"\n\t\t\t\t\t\t\t><img src=\"\/\/web.valuesite.cl\/wp-content\/plugins\/revslider\/public\/assets\/assets\/dummy.png\" alt=\"\" class=\"tp-rs-img rs-lazyload\" width=\"2880\" height=\"992\" data-lazyload=\"\/\/web.valuesite.cl\/wp-content\/uploads\/2023\/01\/bg-contacto-vs-min.png\" data-c=\"fullheight\" data-no-retina> \n\t\t\t\t\t\t\t<\/rs-layer><!--\n\n\t\t\t\t\t\t\t--><rs-layer\n\t\t\t\t\t\t\t\tid=\"slider-120-slide-253-layer-1\" \n\t\t\t\t\t\t\t\tdata-type=\"image\"\n\t\t\t\t\t\t\t\tdata-rsp_ch=\"on\"\n\t\t\t\t\t\t\t\tdata-xy=\"x:c;\"\n\t\t\t\t\t\t\t\tdata-text=\"w:normal;s:20,16,16,7;l:0,20,20,9;\"\n\t\t\t\t\t\t\t\tdata-dim=\"w:['100%','100%','100%','100%'];h:500px,430px,430px,250px;\"\n\t\t\t\t\t\t\t\tdata-basealign=\"slide\"\n\t\t\t\t\t\t\t\tdata-border=\"bor:0,0,30px,0;\"\n\t\t\t\t\t\t\t\tdata-frame_999=\"o:0;st:w;\"\n\t\t\t\t\t\t\t\tstyle=\"z-index:6;\"\n\t\t\t\t\t\t\t><img src=\"\/\/web.valuesite.cl\/wp-content\/plugins\/revslider\/public\/assets\/assets\/dummy.png\" alt=\"\" class=\"tp-rs-img rs-lazyload\" width=\"2054\" height=\"804\" data-lazyload=\"\/\/web.valuesite.cl\/wp-content\/uploads\/2025\/04\/bg-contacto-vacio-min.jpg\" data-no-retina> \n\t\t\t\t\t\t\t<\/rs-layer><!--\n\n\t\t\t\t\t\t\t--><h2\n\t\t\t\t\t\t\t\tid=\"slider-120-slide-253-layer-2\" \n\t\t\t\t\t\t\t\tclass=\"rs-layer\"\n\t\t\t\t\t\t\t\tdata-type=\"text\"\n\t\t\t\t\t\t\t\tdata-rsp_ch=\"on\"\n\t\t\t\t\t\t\t\tdata-xy=\"x:c,c,c,l;xo:-242px,-199px,-199px,26px;yo:70px,57px,57px,12px;\"\n\t\t\t\t\t\t\t\tdata-text=\"w:normal;s:50,41,41,32;l:46,37,37,34;fw:700;a:center,center,center,left;\"\n\t\t\t\t\t\t\t\tdata-dim=\"w:400px,330px,330px,224px;\"\n\t\t\t\t\t\t\t\tdata-frame_999=\"o:0;st:w;\"\n\t\t\t\t\t\t\t\tstyle=\"z-index:11;font-family:'Exo 2';\"\n\t\t\t\t\t\t\t><span style=\"text-transform: none;\">\u00a1Cont\u00e1ctanos!<\/span> \n\t\t\t\t\t\t\t<\/h2><!--\n\n\t\t\t\t\t\t\t--><a\n\t\t\t\t\t\t\t\tid=\"slider-120-slide-253-layer-3\" \n\t\t\t\t\t\t\t\tclass=\"rs-layer\"\n\t\t\t\t\t\t\t\thref=\"tel:+56222040190\" target=\"_self\"\n\t\t\t\t\t\t\t\tdata-type=\"text\"\n\t\t\t\t\t\t\t\tdata-rsp_ch=\"on\"\n\t\t\t\t\t\t\t\tdata-xy=\"x:c,c,c,l;xo:-360px,-297px,-297px,-30px;yo:144px,118px,118px,69px;\"\n\t\t\t\t\t\t\t\tdata-text=\"w:normal;s:22,18,18,18;l:44,36,36,22;fw:500;a:right;\"\n\t\t\t\t\t\t\t\tdata-dim=\"w:198px,163px,163px,180px;\"\n\t\t\t\t\t\t\t\tdata-frame_999=\"o:0;st:w;\"\n\t\t\t\t\t\t\t\tstyle=\"z-index:13;font-family:'Exo 2';\"\n\t\t\t\t\t\t\t><span style=\"text-transform: none;\">+56 2 22040190<\/span> \n\t\t\t\t\t\t\t<\/a><!--\n\n\t\t\t\t\t\t\t--><rs-layer\n\t\t\t\t\t\t\t\tid=\"slider-120-slide-253-layer-4\" \n\t\t\t\t\t\t\t\tdata-type=\"image\"\n\t\t\t\t\t\t\t\tdata-rsp_ch=\"on\"\n\t\t\t\t\t\t\t\tdata-xy=\"x:r;y:b;yo:50px,40px,40px,60px;\"\n\t\t\t\t\t\t\t\tdata-text=\"w:normal;s:20,16,16,7;l:0,20,20,9;\"\n\t\t\t\t\t\t\t\tdata-dim=\"w:400px,306px,306px,143px;h:523px,400px,400px,186px;\"\n\t\t\t\t\t\t\t\tdata-basealign=\"slide\"\n\t\t\t\t\t\t\t\tdata-border=\"bor:0,0,30px,0;\"\n\t\t\t\t\t\t\t\tdata-frame_999=\"o:0;st:w;\"\n\t\t\t\t\t\t\t\tstyle=\"z-index:8;\"\n\t\t\t\t\t\t\t><img src=\"\/\/web.valuesite.cl\/wp-content\/plugins\/revslider\/public\/assets\/assets\/dummy.png\" alt=\"\" class=\"tp-rs-img rs-lazyload\" width=\"640\" height=\"836\" data-lazyload=\"\/\/web.valuesite.cl\/wp-content\/uploads\/2025\/04\/bg-contacto-img-min.png\" data-no-retina> \n\t\t\t\t\t\t\t<\/rs-layer><!--\n\n\t\t\t\t\t\t\t--><rs-layer\n\t\t\t\t\t\t\t\tid=\"slider-120-slide-253-layer-5\" \n\t\t\t\t\t\t\t\tdata-type=\"shape\"\n\t\t\t\t\t\t\t\tdata-rsp_ch=\"on\"\n\t\t\t\t\t\t\t\tdata-xy=\"x:r;xo:16px,13px,13px,5px;yo:-15px,-47px,-47px,-21px;\"\n\t\t\t\t\t\t\t\tdata-text=\"w:normal;s:20,16,16,7;l:0,20,20,9;\"\n\t\t\t\t\t\t\t\tdata-dim=\"w:100%;h:550px,500px,500px,281px;\"\n\t\t\t\t\t\t\t\tdata-basealign=\"slide\"\n\t\t\t\t\t\t\t\tdata-border=\"bos:solid;boc:#00c3ca;bow:0px,2px,2px,0px;bor:0,0,30px,0;\"\n\t\t\t\t\t\t\t\tdata-frame_999=\"o:0;st:w;\"\n\t\t\t\t\t\t\t\tstyle=\"z-index:9;background-color:rgba(0,0,0,0);\"\n\t\t\t\t\t\t\t> \n\t\t\t\t\t\t\t<\/rs-layer><!--\n\n\t\t\t\t\t\t\t--><rs-layer\n\t\t\t\t\t\t\t\tid=\"slider-120-slide-253-layer-10\" \n\t\t\t\t\t\t\t\tdata-type=\"image\"\n\t\t\t\t\t\t\t\tdata-rsp_ch=\"on\"\n\t\t\t\t\t\t\t\tdata-xy=\"xo:253px,208px,208px,25px;yo:126px,104px,104px,51px;\"\n\t\t\t\t\t\t\t\tdata-text=\"w:normal;s:20,16,16,7;l:0,20,20,9;\"\n\t\t\t\t\t\t\t\tdata-dim=\"w:323px,266px,266px,276px;h:14px,11px,11px,12px;\"\n\t\t\t\t\t\t\t\tdata-frame_999=\"o:0;st:w;\"\n\t\t\t\t\t\t\t\tstyle=\"z-index:15;\"\n\t\t\t\t\t\t\t><img src=\"\/\/web.valuesite.cl\/wp-content\/plugins\/revslider\/public\/assets\/assets\/dummy.png\" alt=\"\" class=\"tp-rs-img rs-lazyload\" width=\"322\" height=\"14\" data-lazyload=\"\/\/web.valuesite.cl\/wp-content\/uploads\/2025\/04\/linea-resaltar-colorAvex.svg\" data-no-retina> \n\t\t\t\t\t\t\t<\/rs-layer><!--\n\n\t\t\t\t\t\t\t--><rs-layer\n\t\t\t\t\t\t\t\tid=\"slider-120-slide-253-layer-25\" \n\t\t\t\t\t\t\t\tdata-type=\"text\"\n\t\t\t\t\t\t\t\tdata-color=\"#f9f7ff\"\n\t\t\t\t\t\t\t\tdata-rsp_ch=\"on\"\n\t\t\t\t\t\t\t\tdata-xy=\"x:c,c,c,l;xo:250px,206px,206px,20px;yo:90px,74px,74px,114px;\"\n\t\t\t\t\t\t\t\tdata-text=\"w:normal;s:32,26,26,16;l:34,28,28,16;\"\n\t\t\t\t\t\t\t\tdata-dim=\"w:400px,330px,330px,197px;\"\n\t\t\t\t\t\t\t\tdata-frame_999=\"o:0;st:w;\"\n\t\t\t\t\t\t\t\tstyle=\"z-index:10;font-family:'Roboto';\"\n\t\t\t\t\t\t\t>Una meta sin un plan, <br \/>\nes simplemente un deseo \n\t\t\t\t\t\t\t<\/rs-layer><!--\n\n\t\t\t\t\t\t\t--><rs-layer\n\t\t\t\t\t\t\t\tid=\"slider-120-slide-253-layer-27\" \n\t\t\t\t\t\t\t\tdata-type=\"shape\"\n\t\t\t\t\t\t\t\tdata-rsp_ch=\"on\"\n\t\t\t\t\t\t\t\tdata-xy=\"x:c;yo:80px,66px,66px,30px;\"\n\t\t\t\t\t\t\t\tdata-text=\"w:normal;s:20,16,16,7;l:0,20,20,9;\"\n\t\t\t\t\t\t\t\tdata-dim=\"w:1px;h:100px,82px,82px,50px;\"\n\t\t\t\t\t\t\t\tdata-vbility=\"t,t,t,f\"\n\t\t\t\t\t\t\t\tdata-frame_999=\"o:0;st:w;\"\n\t\t\t\t\t\t\t\tstyle=\"z-index:12;background-color:#8e7acf;\"\n\t\t\t\t\t\t\t> \n\t\t\t\t\t\t\t<\/rs-layer><!--\n-->\t\t\t\t\t\t<\/rs-slide>\n\t\t\t\t\t<\/rs-slides>\n\t\t\t\t\t<rs-static-layers><!--\n\t\t\t\t\t--><\/rs-static-layers>\n\t\t\t\t<\/rs-module>\n\t\t\t\t<script>\n\t\t\t\t\tsetREVStartSize({c: 'rev_slider_120_1',rl:[1240,1024,1024,480],el:[550,470,470,300],gw:[1240,1024,1024,480],gh:[550,470,470,300],type:'hero',justify:'',layout:'fullwidth',mh:\"0\"});if (window.RS_MODULES!==undefined && window.RS_MODULES.modules!==undefined && window.RS_MODULES.modules[\"revslider1201\"]!==undefined) {window.RS_MODULES.modules[\"revslider1201\"].once = false;window.revapi120 = undefined;if (window.RS_MODULES.checkMinimal!==undefined) window.RS_MODULES.checkMinimal()}\n\t\t\t\t<\/script>\n\t\t\t<\/rs-module-wrap>\n\t\t\t<!-- END REVOLUTION SLIDER -->\n[\/vc_column][\/vc_row][vc_row css=&#8221;.vc_custom_1673355040383{margin-bottom: 8% !important;}&#8221; z_index=&#8221;9&#8243; el_id=&#8221;row-form-xs&#8221;][vc_column el_class=&#8221;box-shadow&#8221;][vc_column_text css=&#8221;.vc_custom_1744210322649{margin-bottom: 16px !important;}&#8221;]<\/p>\n<div class=\"text-forms-contact\"><b>\u00bfListo para despegar?<\/b><br \/>\nHablemos y creemos algo incre\u00edble juntos.<\/div>\n<p>[\/vc_column_text][vc_separator color=&#8221;custom&#8221; el_width=&#8221;30&#8243; accent_color=&#8221;#00c3ca&#8221; css=&#8221;.vc_custom_1675093844972{margin-bottom: 0px !important;}&#8221;]\n<div class=\"wpcf7 no-js\" id=\"wpcf7-f32467-o1\" lang=\"es-CL\" dir=\"ltr\">\n<div class=\"screen-reader-response\"><p role=\"status\" aria-live=\"polite\" aria-atomic=\"true\"><\/p> <ul><\/ul><\/div>\n<form action=\"\/index.php\/wp-json\/wp\/v2\/pages\/43226#wpcf7-f32467-o1\" method=\"post\" class=\"wpcf7-form init\" aria-label=\"Contact form\" novalidate=\"novalidate\" data-status=\"init\">\n<div style=\"display: none;\">\n<input type=\"hidden\" name=\"_wpcf7\" value=\"32467\" \/>\n<input type=\"hidden\" name=\"_wpcf7_version\" value=\"5.7.7\" \/>\n<input type=\"hidden\" name=\"_wpcf7_locale\" value=\"es_CL\" \/>\n<input type=\"hidden\" name=\"_wpcf7_unit_tag\" value=\"wpcf7-f32467-o1\" \/>\n<input type=\"hidden\" name=\"_wpcf7_container_post\" value=\"0\" \/>\n<input type=\"hidden\" name=\"_wpcf7_posted_data_hash\" value=\"\" \/>\n<input type=\"hidden\" name=\"_wpcf7_recaptcha_response\" value=\"\" \/>\n<\/div>\n<div id=\"headerform\">\n    <label class=\"header-correo-bss\" >D\u00e9janos tus datos, te contactaremos a la brevedad.<\/label>\n<\/div>\n    <div id=\"formulariocontacto\">\n        <div id=\"two-column-cf\">\n            <div id=\"left\">\n            \n                <span class=\"wpcf7-form-control-wrap\" data-name=\"your-name\"><input size=\"40\" class=\"wpcf7-form-control wpcf7-text wpcf7-validates-as-required estilostxt\" aria-required=\"true\" aria-invalid=\"false\" placeholder=\"Nombre*\" value=\"\" type=\"text\" name=\"your-name\" \/><\/span> \n            \n                <span class=\"wpcf7-form-control-wrap\" data-name=\"your-email\"><input size=\"40\" class=\"wpcf7-form-control wpcf7-text wpcf7-email wpcf7-validates-as-required wpcf7-validates-as-email estilostxt\" aria-required=\"true\" aria-invalid=\"false\" placeholder=\"Email*\" value=\"\" type=\"email\" name=\"your-email\" \/><\/span> \n            <\/div>\n            <div id=\"right\">\n                <span class=\"wpcf7-form-control-wrap\" data-name=\"apellido\"><input size=\"40\" class=\"wpcf7-form-control wpcf7-text wpcf7-validates-as-required estilostxt\" aria-required=\"true\" aria-invalid=\"false\" placeholder=\"Apellido*\" value=\"\" type=\"text\" name=\"apellido\" \/><\/span>\n                \n                <span class=\"wpcf7-form-control-wrap\" data-name=\"telvs\"><input size=\"40\" class=\"wpcf7-form-control wpcf7-text wpcf7-tel wpcf7-validates-as-required wpcf7-validates-as-tel estilostxt\" aria-required=\"true\" aria-invalid=\"false\" placeholder=\"Tel\u00e9fono*\" value=\"\" type=\"tel\" name=\"telvs\" \/><\/span>\n                <label>  <\/label>\n\n            <\/div>\n        <\/div>\n    \n      \n    <div id=\"mensaje\">\n        \n            <span class=\"wpcf7-form-control-wrap\" data-name=\"comentarios\"><textarea cols=\"40\" rows=\"10\" class=\"wpcf7-form-control wpcf7-textarea wpcf7-validates-as-required estilostxt\" aria-required=\"true\" aria-invalid=\"false\" placeholder=\"Agrega un comentario*\" name=\"comentarios\"><\/textarea><\/span>\n            \n    <\/div>\n   <div id=\"divenviar\">\n     <input class=\"wpcf7-form-control has-spinner wpcf7-submit btnenviar\" type=\"submit\" value=\"ENVIAR\" \/> \n\n     <div class=\"texto-footer-correo\"><label>Si no puedes enviar tu mensaje escr\u00edbenos directamente a <\/label><a id=\"contactovs\" href=\"mailto:contacto@valuesite.cl\" style=\"color:#311B92;\">contacto@valuesite.cl<\/a><\/div>\n   <\/div>    \n    \n<\/div><p style=\"display: none !important;\"><label>&#916;<textarea name=\"_wpcf7_ak_hp_textarea\" cols=\"45\" rows=\"8\" maxlength=\"100\"><\/textarea><\/label><input type=\"hidden\" id=\"ak_js_1\" name=\"_wpcf7_ak_js\" value=\"202\"\/><script>document.getElementById( \"ak_js_1\" ).setAttribute( \"value\", ( new Date() ).getTime() );<\/script><\/p><div class=\"wpcf7-response-output\" aria-hidden=\"true\"><\/div>\n<\/form>\n<\/div>\n[\/vc_column][\/vc_row][vc_row css=&#8221;.vc_custom_1675439577084{margin-bottom: 8% !important;}&#8221; mobile_margin_top=&#8221;8%&#8221;][vc_column][vc_column_text]<\/p>\n<div class=\"footer-parrafo\"><label>Si no puedes enviar tu mensaje escr\u00edbenos directamente a <\/label><a id=\"contactovs\" style=\"color: #311b92;\" href=\"mailto:contacto@valuesite.cl\">contacto@valuesite.cl<\/a><\/div>\n<p>[\/vc_column_text][\/vc_column][\/vc_row]<\/p>\n<\/section>","protected":false},"excerpt":{"rendered":"<p>[vc_row full_width=&#8221;stretch_row_content_no_spaces&#8221; css=&#8221;.vc_custom_1744209899818{margin-right: 0px !important;margin-bottom: -16vw !important;margin-left: 0px !important;}&#8221;][vc_column css=&#8221;.vc_custom_1744209917102{margin-right: 0px !important;margin-left: 0px !important;}&#8221;][\/vc_column][\/vc_row][vc_row css=&#8221;.vc_custom_1673355040383{margin-bottom: 8% !important;}&#8221; z_index=&#8221;9&#8243; el_id=&#8221;row-form-xs&#8221;][vc_column el_class=&#8221;box-shadow&#8221;][vc_column_text&#8230;<\/p>\n","protected":false},"author":2,"featured_media":0,"parent":0,"menu_order":0,"comment_status":"closed","ping_status":"closed","template":"","meta":{"inline_featured_image":false},"yoast_head":"<!-- This site is optimized with the Yoast SEO plugin v20.11 - https:\/\/yoast.com\/wordpress\/plugins\/seo\/ -->\n<title>Contacto | Valuesite<\/title>\n<meta name=\"description\" content=\"\u00a1S\u00c9 NUESTRO PARTNER! S\u00famate a la experiencia, y hag\u00e1moslo realidad. \u00a1Cont\u00e1ctanos! | Soluciones tecnol\u00f3gicas | Desarrollo de Software\" \/>\n<meta name=\"robots\" content=\"index, follow, max-snippet:-1, max-image-preview:large, max-video-preview:-1\" \/>\n<link rel=\"canonical\" href=\"https:\/\/web.valuesite.cl\/index.php\/contacto\/\" \/>\n<meta property=\"og:locale\" content=\"es_ES\" \/>\n<meta property=\"og:type\" content=\"article\" \/>\n<meta property=\"og:title\" content=\"Contacto | Valuesite\" \/>\n<meta property=\"og:description\" content=\"\u00a1S\u00c9 NUESTRO PARTNER! S\u00famate a la experiencia, y hag\u00e1moslo realidad. \u00a1Cont\u00e1ctanos! | Soluciones tecnol\u00f3gicas | Desarrollo de Software\" \/>\n<meta property=\"og:url\" content=\"https:\/\/web.valuesite.cl\/index.php\/contacto\/\" \/>\n<meta property=\"og:site_name\" content=\"Valuesite\" \/>\n<meta property=\"article:publisher\" content=\"https:\/\/www.facebook.com\/valuesitechile\" \/>\n<meta property=\"article:modified_time\" content=\"2025-04-30T22:11:25+00:00\" \/>\n<meta property=\"og:image\" content=\"https:\/\/web.valuesite.cl\/wp-content\/uploads\/2020\/04\/Grupo-45-2.png\" \/>\n\t<meta property=\"og:image:width\" content=\"398\" \/>\n\t<meta property=\"og:image:height\" content=\"398\" \/>\n\t<meta property=\"og:image:type\" content=\"image\/png\" \/>\n<meta name=\"twitter:card\" content=\"summary_large_image\" \/>\n<meta name=\"twitter:site\" content=\"@valuesitechile\" \/>\n<meta name=\"twitter:label1\" content=\"Tiempo de lectura\" \/>\n\t<meta name=\"twitter:data1\" content=\"1 minuto\" \/>\n<script type=\"application\/ld+json\" class=\"yoast-schema-graph\">{\"@context\":\"https:\/\/schema.org\",\"@graph\":[{\"@type\":\"WebPage\",\"@id\":\"https:\/\/web.valuesite.cl\/index.php\/contacto\/\",\"url\":\"https:\/\/web.valuesite.cl\/index.php\/contacto\/\",\"name\":\"Contacto | Valuesite\",\"isPartOf\":{\"@id\":\"https:\/\/web.valuesite.cl\/#website\"},\"datePublished\":\"2025-04-08T21:44:21+00:00\",\"dateModified\":\"2025-04-30T22:11:25+00:00\",\"description\":\"\u00a1S\u00c9 NUESTRO PARTNER! S\u00famate a la experiencia, y hag\u00e1moslo realidad. \u00a1Cont\u00e1ctanos! | Soluciones tecnol\u00f3gicas | Desarrollo de Software\",\"breadcrumb\":{\"@id\":\"https:\/\/web.valuesite.cl\/index.php\/contacto\/#breadcrumb\"},\"inLanguage\":\"es\",\"potentialAction\":[{\"@type\":\"ReadAction\",\"target\":[\"https:\/\/web.valuesite.cl\/index.php\/contacto\/\"]}]},{\"@type\":\"BreadcrumbList\",\"@id\":\"https:\/\/web.valuesite.cl\/index.php\/contacto\/#breadcrumb\",\"itemListElement\":[{\"@type\":\"ListItem\",\"position\":1,\"name\":\"Portada\",\"item\":\"https:\/\/web.valuesite.cl\/\"},{\"@type\":\"ListItem\",\"position\":2,\"name\":\"Contacto\"}]},{\"@type\":\"WebSite\",\"@id\":\"https:\/\/web.valuesite.cl\/#website\",\"url\":\"https:\/\/web.valuesite.cl\/\",\"name\":\"Valuesite\",\"description\":\"\u00a1Soluciones de valor para tu empresa!\",\"publisher\":{\"@id\":\"https:\/\/web.valuesite.cl\/#organization\"},\"potentialAction\":[{\"@type\":\"SearchAction\",\"target\":{\"@type\":\"EntryPoint\",\"urlTemplate\":\"https:\/\/web.valuesite.cl\/?s={search_term_string}\"},\"query-input\":\"required name=search_term_string\"}],\"inLanguage\":\"es\"},{\"@type\":\"Organization\",\"@id\":\"https:\/\/web.valuesite.cl\/#organization\",\"name\":\"Valuesite\",\"url\":\"https:\/\/web.valuesite.cl\/\",\"logo\":{\"@type\":\"ImageObject\",\"inLanguage\":\"es\",\"@id\":\"https:\/\/web.valuesite.cl\/#\/schema\/logo\/image\/\",\"url\":\"https:\/\/web.valuesite.cl\/wp-content\/uploads\/2022\/12\/Logo_valuesite_color.png\",\"contentUrl\":\"https:\/\/web.valuesite.cl\/wp-content\/uploads\/2022\/12\/Logo_valuesite_color.png\",\"width\":817,\"height\":144,\"caption\":\"Valuesite\"},\"image\":{\"@id\":\"https:\/\/web.valuesite.cl\/#\/schema\/logo\/image\/\"},\"sameAs\":[\"https:\/\/www.facebook.com\/valuesitechile\",\"https:\/\/twitter.com\/valuesitechile\",\"https:\/\/www.instagram.com\/valuesitechile\",\"https:\/\/www.linkedin.com\/company\/valuesite\",\"https:\/\/youtube.com\/channel\/UCwNWwDg2BgdQH6rOgsgQuOg\"]}]}<\/script>\n<!-- \/ Yoast SEO plugin. -->","yoast_head_json":{"title":"Contacto | Valuesite","description":"\u00a1S\u00c9 NUESTRO PARTNER! S\u00famate a la experiencia, y hag\u00e1moslo realidad. \u00a1Cont\u00e1ctanos! | Soluciones tecnol\u00f3gicas | Desarrollo de Software","robots":{"index":"index","follow":"follow","max-snippet":"max-snippet:-1","max-image-preview":"max-image-preview:large","max-video-preview":"max-video-preview:-1"},"canonical":"https:\/\/web.valuesite.cl\/index.php\/contacto\/","og_locale":"es_ES","og_type":"article","og_title":"Contacto | Valuesite","og_description":"\u00a1S\u00c9 NUESTRO PARTNER! S\u00famate a la experiencia, y hag\u00e1moslo realidad. \u00a1Cont\u00e1ctanos! | Soluciones tecnol\u00f3gicas | Desarrollo de Software","og_url":"https:\/\/web.valuesite.cl\/index.php\/contacto\/","og_site_name":"Valuesite","article_publisher":"https:\/\/www.facebook.com\/valuesitechile","article_modified_time":"2025-04-30T22:11:25+00:00","og_image":[{"width":398,"height":398,"url":"https:\/\/web.valuesite.cl\/wp-content\/uploads\/2020\/04\/Grupo-45-2.png","type":"image\/png"}],"twitter_card":"summary_large_image","twitter_site":"@valuesitechile","twitter_misc":{"Tiempo de lectura":"1 minuto"},"schema":{"@context":"https:\/\/schema.org","@graph":[{"@type":"WebPage","@id":"https:\/\/web.valuesite.cl\/index.php\/contacto\/","url":"https:\/\/web.valuesite.cl\/index.php\/contacto\/","name":"Contacto | Valuesite","isPartOf":{"@id":"https:\/\/web.valuesite.cl\/#website"},"datePublished":"2025-04-08T21:44:21+00:00","dateModified":"2025-04-30T22:11:25+00:00","description":"\u00a1S\u00c9 NUESTRO PARTNER! S\u00famate a la experiencia, y hag\u00e1moslo realidad. \u00a1Cont\u00e1ctanos! | Soluciones tecnol\u00f3gicas | Desarrollo de Software","breadcrumb":{"@id":"https:\/\/web.valuesite.cl\/index.php\/contacto\/#breadcrumb"},"inLanguage":"es","potentialAction":[{"@type":"ReadAction","target":["https:\/\/web.valuesite.cl\/index.php\/contacto\/"]}]},{"@type":"BreadcrumbList","@id":"https:\/\/web.valuesite.cl\/index.php\/contacto\/#breadcrumb","itemListElement":[{"@type":"ListItem","position":1,"name":"Portada","item":"https:\/\/web.valuesite.cl\/"},{"@type":"ListItem","position":2,"name":"Contacto"}]},{"@type":"WebSite","@id":"https:\/\/web.valuesite.cl\/#website","url":"https:\/\/web.valuesite.cl\/","name":"Valuesite","description":"\u00a1Soluciones de valor para tu empresa!","publisher":{"@id":"https:\/\/web.valuesite.cl\/#organization"},"potentialAction":[{"@type":"SearchAction","target":{"@type":"EntryPoint","urlTemplate":"https:\/\/web.valuesite.cl\/?s={search_term_string}"},"query-input":"required name=search_term_string"}],"inLanguage":"es"},{"@type":"Organization","@id":"https:\/\/web.valuesite.cl\/#organization","name":"Valuesite","url":"https:\/\/web.valuesite.cl\/","logo":{"@type":"ImageObject","inLanguage":"es","@id":"https:\/\/web.valuesite.cl\/#\/schema\/logo\/image\/","url":"https:\/\/web.valuesite.cl\/wp-content\/uploads\/2022\/12\/Logo_valuesite_color.png","contentUrl":"https:\/\/web.valuesite.cl\/wp-content\/uploads\/2022\/12\/Logo_valuesite_color.png","width":817,"height":144,"caption":"Valuesite"},"image":{"@id":"https:\/\/web.valuesite.cl\/#\/schema\/logo\/image\/"},"sameAs":["https:\/\/www.facebook.com\/valuesitechile","https:\/\/twitter.com\/valuesitechile","https:\/\/www.instagram.com\/valuesitechile","https:\/\/www.linkedin.com\/company\/valuesite","https:\/\/youtube.com\/channel\/UCwNWwDg2BgdQH6rOgsgQuOg"]}]}},"_links":{"self":[{"href":"https:\/\/web.valuesite.cl\/index.php\/wp-json\/wp\/v2\/pages\/43226"}],"collection":[{"href":"https:\/\/web.valuesite.cl\/index.php\/wp-json\/wp\/v2\/pages"}],"about":[{"href":"https:\/\/web.valuesite.cl\/index.php\/wp-json\/wp\/v2\/types\/page"}],"author":[{"embeddable":true,"href":"https:\/\/web.valuesite.cl\/index.php\/wp-json\/wp\/v2\/users\/2"}],"replies":[{"embeddable":true,"href":"https:\/\/web.valuesite.cl\/index.php\/wp-json\/wp\/v2\/comments?post=43226"}],"version-history":[{"count":9,"href":"https:\/\/web.valuesite.cl\/index.php\/wp-json\/wp\/v2\/pages\/43226\/revisions"}],"predecessor-version":[{"id":43287,"href":"https:\/\/web.valuesite.cl\/index.php\/wp-json\/wp\/v2\/pages\/43226\/revisions\/43287"}],"wp:attachment":[{"href":"https:\/\/web.valuesite.cl\/index.php\/wp-json\/wp\/v2\/media?parent=43226"}],"curies":[{"name":"wp","href":"https:\/\/api.w.org\/{rel}","templated":true}]}}